{"id":63,"date":"2024-10-20T18:23:16","date_gmt":"2024-10-20T18:23:16","guid":{"rendered":"https:\/\/tervas.net\/wordpress\/?page_id=63"},"modified":"2024-10-21T12:36:21","modified_gmt":"2024-10-21T12:36:21","slug":"vuokrattavat-laitteemme","status":"publish","type":"page","link":"https:\/\/lainalaite.net\/index.php\/vuokrattavat-laitteemme\/","title":{"rendered":"Vuokrattavat laitteemme"},"content":{"rendered":"\n<p>Tutustuthan aina ennen vuokrausta <a href=\"https:\/\/tervas.net\/nc\/index.php\/s\/H8NycFmiSoT2q5N\" data-type=\"link\" data-id=\"https:\/\/tervas.net\/nc\/index.php\/s\/H8NycFmiSoT2q5N\" target=\"_blank\" rel=\"noreferrer noopener\"><mark style=\"background-color:rgba(0, 0, 0, 0)\" class=\"has-inline-color has-raft-accent-color\">vuokrausehtoihimme<\/mark><\/a> sek\u00e4 kohteen tietoihin tuotekohtaisilla sivuilla.<br><\/p>\n\n\n\n<div class=\"wp-block-group is-content-justification-left is-nowrap is-layout-flex wp-container-core-group-is-layout-a1ed96d5 wp-block-group-is-layout-flex\">\n<figure class=\"wp-block-image size-large is-resized has-custom-border is-style-default wp-duotone-unset-1\"><img loading=\"lazy\" decoding=\"async\" width=\"1024\" height=\"576\" src=\"https:\/\/tervas.net\/wordpress\/wp-content\/uploads\/2024\/10\/DSC_0304-1024x576.jpg\" alt=\"\" class=\"wp-image-64\" style=\"border-width:2px;border-radius:7px;box-shadow:var(--wp--preset--shadow--natural);object-fit:cover;width:318px;height:250px\" srcset=\"https:\/\/lainalaite.net\/wp-content\/uploads\/2024\/10\/DSC_0304-1024x576.jpg 1024w, https:\/\/lainalaite.net\/wp-content\/uploads\/2024\/10\/DSC_0304-300x169.jpg 300w, https:\/\/lainalaite.net\/wp-content\/uploads\/2024\/10\/DSC_0304-768x432.jpg 768w, https:\/\/lainalaite.net\/wp-content\/uploads\/2024\/10\/DSC_0304-1536x864.jpg 1536w, https:\/\/lainalaite.net\/wp-content\/uploads\/2024\/10\/DSC_0304-2048x1152.jpg 2048w\" sizes=\"auto, (max-width: 1024px) 100vw, 1024px\" \/><\/figure>\n\n\n\n<pre class=\"wp-block-verse\"><mark style=\"background-color:rgba(0, 0, 0, 0)\" class=\"has-inline-color has-raft-accent-color\">Halkomakone Norrk\u00f6ping<\/mark><br>- Halkaisuvoima 7t<br>- Mahtuu henkil\u00f6autoon<br>Vuokrahinta: 20 euroa \/vrk<\/pre>\n<\/div>\n\n\n\n<div class=\"wp-block-group is-content-justification-left is-nowrap is-layout-flex wp-container-core-group-is-layout-a1ed96d5 wp-block-group-is-layout-flex\">\n<figure class=\"wp-block-image size-large is-resized has-custom-border\"><img loading=\"lazy\" decoding=\"async\" width=\"576\" height=\"1024\" src=\"https:\/\/tervas.net\/wordpress\/wp-content\/uploads\/2024\/10\/3D0753DA-69AC-4674-94BA-4E00709D18E9-edited-1-576x1024.jpeg\" alt=\"\" class=\"wp-image-88\" style=\"border-width:2px;border-radius:7px;box-shadow:var(--wp--preset--shadow--natural);object-fit:cover;width:319px;height:250px\" srcset=\"https:\/\/lainalaite.net\/wp-content\/uploads\/2024\/10\/3D0753DA-69AC-4674-94BA-4E00709D18E9-edited-1-576x1024.jpeg 576w, https:\/\/lainalaite.net\/wp-content\/uploads\/2024\/10\/3D0753DA-69AC-4674-94BA-4E00709D18E9-edited-1-169x300.jpeg 169w, https:\/\/lainalaite.net\/wp-content\/uploads\/2024\/10\/3D0753DA-69AC-4674-94BA-4E00709D18E9-edited-1-768x1365.jpeg 768w, https:\/\/lainalaite.net\/wp-content\/uploads\/2024\/10\/3D0753DA-69AC-4674-94BA-4E00709D18E9-edited-1-864x1536.jpeg 864w, https:\/\/lainalaite.net\/wp-content\/uploads\/2024\/10\/3D0753DA-69AC-4674-94BA-4E00709D18E9-edited-1-1152x2048.jpeg 1152w, https:\/\/lainalaite.net\/wp-content\/uploads\/2024\/10\/3D0753DA-69AC-4674-94BA-4E00709D18E9-edited-1-scaled.jpeg 1440w\" sizes=\"auto, (max-width: 576px) 100vw, 576px\" \/><\/figure>\n\n\n\n<pre class=\"wp-block-verse\"><mark style=\"background-color:rgba(0, 0, 0, 0)\" class=\"has-inline-color has-raft-accent-color\">L\u00e4mp\u00f6kamera CAT S60 FLIR<\/mark><br>- Selvit\u00e4 helposti l\u00e4mp\u00f6vuodot<br>- Kuvat talteen helposti<br>Vuokrahinta: 10 euroa \/vrk<\/pre>\n<\/div>\n\n\n\n<div class=\"wp-block-group is-content-justification-left is-nowrap is-layout-flex wp-container-core-group-is-layout-a1ed96d5 wp-block-group-is-layout-flex\">\n<figure class=\"wp-block-image size-large is-resized has-custom-border\"><img loading=\"lazy\" decoding=\"async\" width=\"1024\" height=\"576\" src=\"https:\/\/tervas.net\/wordpress\/wp-content\/uploads\/2024\/10\/kuva_tulossa-1024x576.jpg\" alt=\"\" class=\"wp-image-115\" style=\"border-width:2px;border-radius:7px;box-shadow:var(--wp--preset--shadow--natural);object-fit:cover;width:319px;height:250px\" srcset=\"https:\/\/lainalaite.net\/wp-content\/uploads\/2024\/10\/kuva_tulossa-1024x576.jpg 1024w, https:\/\/lainalaite.net\/wp-content\/uploads\/2024\/10\/kuva_tulossa-300x169.jpg 300w, https:\/\/lainalaite.net\/wp-content\/uploads\/2024\/10\/kuva_tulossa-768x432.jpg 768w, https:\/\/lainalaite.net\/wp-content\/uploads\/2024\/10\/kuva_tulossa.jpg 1152w\" sizes=\"auto, (max-width: 1024px) 100vw, 1024px\" \/><\/figure>\n\n\n\n<pre class=\"wp-block-verse\"><mark style=\"background-color:rgba(0, 0, 0, 0)\" class=\"has-inline-color has-raft-accent-color\">Otsonaattori MAG-PRO 7000mg<\/mark><br>- Poistaa ep\u00e4miellytt\u00e4v\u00e4t hajut<br>- Helppok\u00e4ytt\u00f6inen<br>Vuokrahinta: 10 euroa \/vrk<\/pre>\n<\/div>\n\n\n\n<p><\/p>\n","protected":false},"excerpt":{"rendered":"<p>Tutustuthan aina ennen vuokrausta vuokrausehtoihimme sek\u00e4 kohteen tietoihin tuotekohtaisilla sivuilla. Halkomakone Norrk\u00f6ping- Halkaisuvoima 7t- Mahtuu henkil\u00f6autoonVuokrahinta: 20 euroa \/vrk L\u00e4mp\u00f6kamera CAT S60 FLIR- Selvit\u00e4 helposti l\u00e4mp\u00f6vuodot- Kuvat talteen helpostiVuokrahinta: 10 euroa \/vrk Otsonaattori MAG-PRO 7000mg- Poistaa ep\u00e4miellytt\u00e4v\u00e4t hajut- Helppok\u00e4ytt\u00f6inenVuokrahinta: 10 euroa \/vrk<\/p>\n","protected":false},"author":1,"featured_media":0,"parent":0,"menu_order":0,"comment_status":"closed","ping_status":"closed","template":"","meta":{"footnotes":""},"class_list":["post-63","page","type-page","status-publish","hentry"],"_links":{"self":[{"href":"https:\/\/lainalaite.net\/index.php\/wp-json\/wp\/v2\/pages\/63","targetHints":{"allow":["GET"]}}],"collection":[{"href":"https:\/\/lainalaite.net\/index.php\/wp-json\/wp\/v2\/pages"}],"about":[{"href":"https:\/\/lainalaite.net\/index.php\/wp-json\/wp\/v2\/types\/page"}],"author":[{"embeddable":true,"href":"https:\/\/lainalaite.net\/index.php\/wp-json\/wp\/v2\/users\/1"}],"replies":[{"embeddable":true,"href":"https:\/\/lainalaite.net\/index.php\/wp-json\/wp\/v2\/comments?post=63"}],"version-history":[{"count":30,"href":"https:\/\/lainalaite.net\/index.php\/wp-json\/wp\/v2\/pages\/63\/revisions"}],"predecessor-version":[{"id":128,"href":"https:\/\/lainalaite.net\/index.php\/wp-json\/wp\/v2\/pages\/63\/revisions\/128"}],"wp:attachment":[{"href":"https:\/\/lainalaite.net\/index.php\/wp-json\/wp\/v2\/media?parent=63"}],"curies":[{"name":"wp","href":"https:\/\/api.w.org\/{rel}","templated":true}]}}