{"id":2,"date":"2024-08-27T15:48:04","date_gmt":"2024-08-27T15:48:04","guid":{"rendered":"https:\/\/tervas.net\/wordpress\/?page_id=2"},"modified":"2024-10-21T19:02:31","modified_gmt":"2024-10-21T16:02:31","slug":"sample-page","status":"publish","type":"page","link":"https:\/\/lainalaite.net\/","title":{"rendered":"Lainalaite.net"},"content":{"rendered":"\n<p class=\"has-text-align-center\">Vuokraamme pienkoneita kouvolassa<\/p>\n\n\n\n<p class=\"has-text-align-center\">\u00c4l\u00e4 turhaan osta tilaa vievi\u00e4 laitteita, joita tarvitset harvoin. Vuokraa ne edullisesti meilt\u00e4.<\/p>\n\n\n\n<figure class=\"wp-block-image size-large has-custom-border is-style-rounded wp-duotone-unset-1\"><img loading=\"lazy\" decoding=\"async\" width=\"1024\" height=\"634\" src=\"https:\/\/lainalaite.net\/wp-content\/uploads\/2024\/10\/asdasd-1024x634.png\" alt=\"\" class=\"wp-image-49\" style=\"border-width:3px;border-radius:13px;aspect-ratio:5.24;object-fit:cover\" srcset=\"https:\/\/lainalaite.net\/wp-content\/uploads\/2024\/10\/asdasd-1024x634.png 1024w, https:\/\/lainalaite.net\/wp-content\/uploads\/2024\/10\/asdasd-300x186.png 300w, https:\/\/lainalaite.net\/wp-content\/uploads\/2024\/10\/asdasd-768x475.png 768w, https:\/\/lainalaite.net\/wp-content\/uploads\/2024\/10\/asdasd-1536x951.png 1536w, https:\/\/lainalaite.net\/wp-content\/uploads\/2024\/10\/asdasd-2048x1268.png 2048w\" sizes=\"auto, (max-width: 1024px) 100vw, 1024px\" \/><\/figure>\n\n\n\n<p class=\"has-text-align-center\">Vuokraamamme laitteet ovat aina huollettuja ja toimintakuntoisia. Vuokraus sis\u00e4lt\u00e4\u00e4 ohjeet ja opastamme tarvittaessa laitteiden k\u00e4yt\u00f6ss\u00e4!<\/p>\n\n\n\n<p><\/p>\n","protected":false},"excerpt":{"rendered":"<p>Vuokraamme pienkoneita kouvolassa \u00c4l\u00e4 turhaan osta tilaa vievi\u00e4 laitteita, joita tarvitset harvoin. Vuokraa ne edullisesti meilt\u00e4. Vuokraamamme laitteet ovat aina huollettuja ja toimintakuntoisia. Vuokraus sis\u00e4lt\u00e4\u00e4 ohjeet ja opastamme tarvittaessa laitteiden k\u00e4yt\u00f6ss\u00e4!<\/p>\n","protected":false},"author":1,"featured_media":0,"parent":0,"menu_order":0,"comment_status":"closed","ping_status":"open","template":"","meta":{"footnotes":""},"class_list":["post-2","page","type-page","status-publish","hentry"],"_links":{"self":[{"href":"https:\/\/lainalaite.net\/index.php\/wp-json\/wp\/v2\/pages\/2","targetHints":{"allow":["GET"]}}],"collection":[{"href":"https:\/\/lainalaite.net\/index.php\/wp-json\/wp\/v2\/pages"}],"about":[{"href":"https:\/\/lainalaite.net\/index.php\/wp-json\/wp\/v2\/types\/page"}],"author":[{"embeddable":true,"href":"https:\/\/lainalaite.net\/index.php\/wp-json\/wp\/v2\/users\/1"}],"replies":[{"embeddable":true,"href":"https:\/\/lainalaite.net\/index.php\/wp-json\/wp\/v2\/comments?post=2"}],"version-history":[{"count":13,"href":"https:\/\/lainalaite.net\/index.php\/wp-json\/wp\/v2\/pages\/2\/revisions"}],"predecessor-version":[{"id":160,"href":"https:\/\/lainalaite.net\/index.php\/wp-json\/wp\/v2\/pages\/2\/revisions\/160"}],"wp:attachment":[{"href":"https:\/\/lainalaite.net\/index.php\/wp-json\/wp\/v2\/media?parent=2"}],"curies":[{"name":"wp","href":"https:\/\/api.w.org\/{rel}","templated":true}]}}